{"id":5817,"date":"2023-01-04T13:28:07","date_gmt":"2023-01-04T12:28:07","guid":{"rendered":"https:\/\/schoenegge.io\/?page_id=5817"},"modified":"2024-02-20T00:23:31","modified_gmt":"2024-02-19T23:23:31","slug":"kontakt","status":"publish","type":"page","link":"https:\/\/schoenegge.io\/en\/kontakt\/","title":{"rendered":"Contact"},"content":{"rendered":"<p>[et_pb_section fb_built=\"1\u2033 custom_padding_last_edited=\"on|tablet\" admin_label=\"Hero Section\" _builder_version=\"4.19.4\u2033 background_color=\"#1b1b1b\" background_enable_image=\"off\" background_position=\"center_left\" custom_padding=\"100px|0px|100px|0px\" custom_padding_tablet=\"|||\" custom_padding_phone=\"|||\" global_colors_info=\"{}\"][et_pb_row _builder_version=\"4.19.4\u2033 custom_padding=\"|||\" animation_direction=\"bottom\" global_colors_info=\"{}\"][et_pb_column type=\"4_4\u2033 _builder_version=\"4.16\u2033 custom_padding=\"|||\" global_colors_info=\"{}\" custom_padding__hover=\"|||\"][et_pb_text admin_label=\"Title and subhead\" _builder_version=\"4.21.2\u2033 text_font=\"Montserrat|300|||||||\" text_font_size=\"16px\" text_line_height=\"1.8em\" header_font=\"Montserrat||||||||\" header_text_color=\"#f2f2f2\u2033 header_font_size=\"50px\" header_line_height=\"1.4em\" header_2_font=\"Montserrat||||||||\" header_2_font_size=\"18px\" text_orientation=\"center\" max_width=\"600px\" module_alignment=\"center\" header_font_size_tablet=\"\" header_font_size_phone=\"30px\" header_font_size_last_edited=\"on|desktop\" locked=\"off\" global_colors_info=\"{}\"]<\/p>\n<h1>Contact<\/h1>\n<p>[\/et_pb_text][\/et_pb_column][\/et_pb_row][\/et_pb_section][et_pb_section fb_built=\"1\u2033 _builder_version=\"4.21.2\u2033 background_color=\"#1b1b1b\" custom_margin_tablet=\"\" custom_margin_phone=\"||0px||false|false\" custom_margin_last_edited=\"on|phone\" custom_padding=\"||84px||false|false\" bottom_divider_style=\"curve2\u2033 bottom_divider_color=\"#FFFFFFFF\" global_colors_info=\"{}\"][et_pb_row _builder_version=\"4.19.4\u2033 _module_preset=\"default\" global_colors_info=\"{}\"][et_pb_column type=\"4_4\u2033 _builder_version=\"4.19.4\u2033 _module_preset=\"default\" global_colors_info=\"{}\"][et_pb_text content_tablet=\"<\/p>\n<p style=\"%22text-align:\" center;%22>In today's world, a thorough (online) marketing strategy is at least equally as important as the development of the product itself. Even the best product or service will remain futile if it does not have a strong digital outreach, for it will not be acknowledged and appreciated by the right people. The easiest and most convenient way to attain such a digital reach and to draw people's attention to your product or service is through online marketing.<\/p>\n<p>\" content_phone=\"<\/p>\n<p style=\"%22text-align:\" center;%22>In today's world, a thorough (online) marketing strategy is at least equally as important as the development of the product itself. Even the best product or service will remain futile if it does not have a strong digital outreach, for it will not be acknowledged and appreciated by the right people. The easiest and most convenient way to attain such a digital reach and to draw people's attention to your product or service is through online marketing.<\/p>\n<p>\" content_last_edited=\"off|desktop\" _builder_version=\"4.21.2\u2033 text_font=\"||||||||\" text_text_color=\"#ffffff\" text_font_size=\"16px\" text_line_height=\"1.8em\" header_font_size=\"25px\" header_2_font=\"Lato|300|||||||\" header_2_text_align=\"left\" header_2_text_color=\"#ffffffff\" header_2_font_size=\"22px\" header_2_line_height=\"1.8em\" text_orientation=\"justified\" min_height=\"228.3px\" header_2_text_align_tablet=\"\" header_2_text_align_phone=\"left\" header_2_text_align_last_edited=\"on|phone\" global_colors_info=\"{}\"]<\/p>\n<p><span>You are just one step away from realizing your marketing and web development goals! Contact us today and let's work together to find a custom solution that perfectly fits your needs.<\/span><\/p>\n<p>[\/et_pb_text][\/et_pb_column][\/et_pb_row][et_pb_row _builder_version=\"4.19.4\u2033 _module_preset=\"default\" global_colors_info=\"{}\"][et_pb_column type=\"4_4\u2033 _builder_version=\"4.19.4\u2033 _module_preset=\"default\" global_colors_info=\"{}\"][et_pb_text content_tablet=\"<\/p>\n<p style=\"%22text-align:\" center;%22>In today's world, a thorough (online) marketing strategy is at least equally as important as the development of the product itself. Even the best product or service will remain futile if it does not have a strong digital outreach, for it will not be acknowledged and appreciated by the right people. The easiest and most convenient way to attain such a digital reach and to draw people's attention to your product or service is through online marketing.<\/p>\n<p>\" content_phone=\"<\/p>\n<p style=\"%22text-align:\" center;%22>In today's world, a thorough (online) marketing strategy is at least equally as important as the development of the product itself. Even the best product or service will remain futile if it does not have a strong digital outreach, for it will not be acknowledged and appreciated by the right people. The easiest and most convenient way to attain such a digital reach and to draw people's attention to your product or service is through online marketing.<\/p>\n<p>\" content_last_edited=\"off|desktop\" _builder_version=\"4.19.4\u2033 text_font=\"||||||||\" text_text_color=\"#ffffff\" text_font_size=\"16px\" text_line_height=\"1.8em\" header_font_size=\"25px\" header_2_font=\"Lato|700|||||||\" header_2_text_align=\"left\" header_2_text_color=\"#54BD8A\" header_2_font_size=\"30px\" header_2_line_height=\"1.8em\" text_orientation=\"justified\" min_height=\"55.3px\" header_2_text_align_tablet=\"\" header_2_text_align_phone=\"left\" header_2_text_align_last_edited=\"on|phone\" header_2_font_size_tablet=\"30px\" header_2_font_size_phone=\"25px\" header_2_font_size_last_edited=\"on|phone\" global_colors_info=\"{}\"]<\/p>\n<h2><span>Contact us today<\/span><\/h2>\n<p>[\/et_pb_text][et_pb_contact_form email=&#8220;oliver@schoenegge.io&#8220; use_redirect=&#8220;on&#8220; redirect_url=&#8220;\/thank-you\/&#8220; success_message=&#8220;Vielen Dank! Wir melden uns schnellstm\u00f6glich bei Ihnen.&#8220; submit_button_text=&#8220;Senden&#8220; module_id=&#8220;et_pb_contact_form_0&#8243; _builder_version=&#8220;4.24.0&#8243; form_field_background_color=&#8220;rgba(255,255,255,0.05)&#8220; form_field_text_color=&#8220;#ffffff&#8220; form_field_focus_background_color=&#8220;#FFFFFF&#8220; form_field_focus_text_color=&#8220;#000000&#8243; form_field_font=&#8220;Ubuntu|500|||||||&#8220; form_field_font_size=&#8220;14px&#8220; custom_button=&#8220;on&#8220; button_text_size=&#8220;16px&#8220; button_text_color=&#8220;#000000&#8243; button_bg_color=&#8220;#54BD8A&#8220; button_border_width=&#8220;0px&#8220; button_border_color=&#8220;#FFFFFF&#8220; button_border_radius=&#8220;5px&#8220; button_letter_spacing=&#8220;0px&#8220; button_font=&#8220;|700|||||||&#8220; button_use_icon=&#8220;off&#8220; text_orientation=&#8220;left&#8220; max_width=&#8220;80%&#8220; module_alignment=&#8220;center&#8220; custom_margin=&#8220;-15px|40px|100px|-73px||&#8220; custom_margin_tablet=&#8220;&#8220; custom_margin_phone=&#8220;79px|40px|70px|40px|false|false&#8220; custom_margin_last_edited=&#8220;on|phone&#8220; custom_padding=&#8220;||0px||false|false&#8220; animation_direction=&#8220;right&#8220; hover_enabled=&#8220;0&#8243; border_radii=&#8220;on|5px|5px|5px|5px&#8220; form_background_color=&#8220;rgba(255,255,255,0.05)&#8220; locked=&#8220;off&#8220; global_colors_info=&#8220;{}&#8220; use_spam_service=&#8220;on&#8220; recaptcha_list=&#8220;Oliver Sch\u00f6negge|Oliver Sch\u00f6negge-0&#8243; recaptcha_min_score=&#8220;0.4&#8243; sticky_enabled=&#8220;0&#8243;][et_pb_contact_field field_id=&#8220;Name&#8220; field_title=&#8220;Name*&#8220; _builder_version=&#8220;4.21.2&#8243; global_colors_info=&#8220;{}&#8220; button_text_size__hover_enabled=&#8220;off&#8220; button_one_text_size__hover_enabled=&#8220;off&#8220; button_two_text_size__hover_enabled=&#8220;off&#8220; button_text_color__hover_enabled=&#8220;off&#8220; button_one_text_color__hover_enabled=&#8220;off&#8220; button_two_text_color__hover_enabled=&#8220;off&#8220; button_border_width__hover_enabled=&#8220;off&#8220; button_one_border_width__hover_enabled=&#8220;off&#8220; button_two_border_width__hover_enabled=&#8220;off&#8220; button_border_color__hover_enabled=&#8220;off&#8220; button_one_border_color__hover_enabled=&#8220;off&#8220; button_two_border_color__hover_enabled=&#8220;off&#8220; button_border_radius__hover_enabled=&#8220;off&#8220; button_one_border_radius__hover_enabled=&#8220;off&#8220; button_two_border_radius__hover_enabled=&#8220;off&#8220; button_letter_spacing__hover_enabled=&#8220;off&#8220; button_one_letter_spacing__hover_enabled=&#8220;off&#8220; button_two_letter_spacing__hover_enabled=&#8220;off&#8220; button_bg_color__hover_enabled=&#8220;off&#8220; button_one_bg_color__hover_enabled=&#8220;off&#8220; button_two_bg_color__hover_enabled=&#8220;off&#8220;][\/et_pb_contact_field][et_pb_contact_field field_id=&#8220;Email&#8220; field_title=&#8220;E-Mail-Addresse*&#8220; field_type=&#8220;email&#8220; _builder_version=&#8220;4.21.2&#8243; global_colors_info=&#8220;{}&#8220; button_text_size__hover_enabled=&#8220;off&#8220; button_one_text_size__hover_enabled=&#8220;off&#8220; button_two_text_size__hover_enabled=&#8220;off&#8220; button_text_color__hover_enabled=&#8220;off&#8220; button_one_text_color__hover_enabled=&#8220;off&#8220; button_two_text_color__hover_enabled=&#8220;off&#8220; button_border_width__hover_enabled=&#8220;off&#8220; button_one_border_width__hover_enabled=&#8220;off&#8220; button_two_border_width__hover_enabled=&#8220;off&#8220; button_border_color__hover_enabled=&#8220;off&#8220; button_one_border_color__hover_enabled=&#8220;off&#8220; button_two_border_color__hover_enabled=&#8220;off&#8220; button_border_radius__hover_enabled=&#8220;off&#8220; button_one_border_radius__hover_enabled=&#8220;off&#8220; button_two_border_radius__hover_enabled=&#8220;off&#8220; button_letter_spacing__hover_enabled=&#8220;off&#8220; button_one_letter_spacing__hover_enabled=&#8220;off&#8220; button_two_letter_spacing__hover_enabled=&#8220;off&#8220; button_bg_color__hover_enabled=&#8220;off&#8220; button_one_bg_color__hover_enabled=&#8220;off&#8220; button_two_bg_color__hover_enabled=&#8220;off&#8220;][\/et_pb_contact_field][et_pb_contact_field field_id=&#8220;Firmenname&#8220; field_title=&#8220;Firmenname&#8220; required_mark=&#8220;off&#8220; fullwidth_field=&#8220;on&#8220; _builder_version=&#8220;4.21.2&#8243; global_colors_info=&#8220;{}&#8220; button_text_size__hover_enabled=&#8220;off&#8220; button_one_text_size__hover_enabled=&#8220;off&#8220; button_two_text_size__hover_enabled=&#8220;off&#8220; button_text_color__hover_enabled=&#8220;off&#8220; button_one_text_color__hover_enabled=&#8220;off&#8220; button_two_text_color__hover_enabled=&#8220;off&#8220; button_border_width__hover_enabled=&#8220;off&#8220; button_one_border_width__hover_enabled=&#8220;off&#8220; button_two_border_width__hover_enabled=&#8220;off&#8220; button_border_color__hover_enabled=&#8220;off&#8220; button_one_border_color__hover_enabled=&#8220;off&#8220; button_two_border_color__hover_enabled=&#8220;off&#8220; button_border_radius__hover_enabled=&#8220;off&#8220; button_one_border_radius__hover_enabled=&#8220;off&#8220; button_two_border_radius__hover_enabled=&#8220;off&#8220; button_letter_spacing__hover_enabled=&#8220;off&#8220; button_one_letter_spacing__hover_enabled=&#8220;off&#8220; button_two_letter_spacing__hover_enabled=&#8220;off&#8220; button_bg_color__hover_enabled=&#8220;off&#8220; button_one_bg_color__hover_enabled=&#8220;off&#8220; button_two_bg_color__hover_enabled=&#8220;off&#8220;][\/et_pb_contact_field][et_pb_contact_field field_id=&#8220;Bedarf&#8220; field_title=&#8220;Bedarf&#8220; field_type=&#8220;select&#8220; select_options=&#8220;%91{%22value%22:%22Online-Marketing%22,%22checked%22:0,%22dragID%22:-1},{%22dragID%22:0,%22value%22:%22Web-Entwicklung%22,%22checked%22:0},{%22value%22:%22Ki-Beratung%22,%22checked%22:0,%22dragID%22:1}%93&#8243; required_mark=&#8220;off&#8220; fullwidth_field=&#8220;on&#8220; _builder_version=&#8220;4.21.2&#8243; _module_preset=&#8220;default&#8220; global_colors_info=&#8220;{}&#8220;][\/et_pb_contact_field][et_pb_contact_field field_id=&#8220;Details&#8220; field_title=&#8220;Details&#8220; field_type=&#8220;text&#8220; required_mark=&#8220;off&#8220; fullwidth_field=&#8220;on&#8220; _builder_version=&#8220;4.21.2&#8243; global_colors_info=&#8220;{}&#8220; button_text_size__hover_enabled=&#8220;off&#8220; button_one_text_size__hover_enabled=&#8220;off&#8220; button_two_text_size__hover_enabled=&#8220;off&#8220; button_text_color__hover_enabled=&#8220;off&#8220; button_one_text_color__hover_enabled=&#8220;off&#8220; button_two_text_color__hover_enabled=&#8220;off&#8220; button_border_width__hover_enabled=&#8220;off&#8220; button_one_border_width__hover_enabled=&#8220;off&#8220; button_two_border_width__hover_enabled=&#8220;off&#8220; button_border_color__hover_enabled=&#8220;off&#8220; button_one_border_color__hover_enabled=&#8220;off&#8220; button_two_border_color__hover_enabled=&#8220;off&#8220; button_border_radius__hover_enabled=&#8220;off&#8220; button_one_border_radius__hover_enabled=&#8220;off&#8220; button_two_border_radius__hover_enabled=&#8220;off&#8220; button_letter_spacing__hover_enabled=&#8220;off&#8220; button_one_letter_spacing__hover_enabled=&#8220;off&#8220; button_two_letter_spacing__hover_enabled=&#8220;off&#8220; button_bg_color__hover_enabled=&#8220;off&#8220; button_one_bg_color__hover_enabled=&#8220;off&#8220; button_two_bg_color__hover_enabled=&#8220;off&#8220;][\/et_pb_contact_field][\/et_pb_contact_form][\/et_pb_column][\/et_pb_row][et_pb_row column_structure=&#8220;1_3,1_3,1_3&#8243; _builder_version=&#8220;4.19.4&#8243; _module_preset=&#8220;default&#8220; global_colors_info=&#8220;{}&#8220;][et_pb_column type=&#8220;1_3&#8243; _builder_version=&#8220;4.19.4&#8243; _module_preset=&#8220;default&#8220; global_colors_info=&#8220;{}&#8220;][et_pb_blurb title=&#8220;Kostenlos&#8220; use_icon=&#8220;on&#8220; font_icon=&#8220;&#x4e;||divi||400&#8243; icon_color=&#8220;#54BD8A&#8220; _builder_version=&#8220;4.21.2&#8243; _module_preset=&#8220;default&#8220; header_level=&#8220;h3&#8243; header_text_align=&#8220;center&#8220; header_text_color=&#8220;#FFFFFF&#8220; body_text_align=&#8220;justify&#8220; body_text_color=&#8220;#FFFFFF&#8220; body_font_size=&#8220;16px&#8220; min_height=&#8220;210.8px&#8220; custom_padding=&#8220;||28px|||&#8220; border_radii_image=&#8220;on|10px|10px|10px|10px&#8220; global_colors_info=&#8220;{}&#8220;][\/et_pb_blurb][\/et_pb_column][et_pb_column type=&#8220;1_3&#8243; _builder_version=&#8220;4.19.4&#8243; _module_preset=&#8220;default&#8220; global_colors_info=&#8220;{}&#8220;][et_pb_blurb title=&#8220;Unverbindlich&#8220; use_icon=&#8220;on&#8220; font_icon=&#8220;&#x4e;||divi||400&#8243; icon_color=&#8220;#54BD8A&#8220; _builder_version=&#8220;4.21.2&#8243; _module_preset=&#8220;default&#8220; header_level=&#8220;h3&#8243; header_text_align=&#8220;center&#8220; header_text_color=&#8220;#FFFFFF&#8220; body_text_align=&#8220;justify&#8220; body_text_color=&#8220;#FFFFFF&#8220; body_font_size=&#8220;16px&#8220; min_height=&#8220;210.8px&#8220; custom_padding=&#8220;||28px|||&#8220; border_radii_image=&#8220;on|10px|10px|10px|10px&#8220; global_colors_info=&#8220;{}&#8220;][\/et_pb_blurb][\/et_pb_column][et_pb_column type=&#8220;1_3&#8243; _builder_version=&#8220;4.19.4&#8243; _module_preset=&#8220;default&#8220; global_colors_info=&#8220;{}&#8220;][et_pb_blurb title=&#8220;Kurzfristig&#8220; use_icon=&#8220;on&#8220; font_icon=&#8220;&#x4e;||divi||400&#8243; icon_color=&#8220;#54BD8A&#8220; _builder_version=&#8220;4.21.2&#8243; _module_preset=&#8220;default&#8220; header_level=&#8220;h3&#8243; header_text_align=&#8220;center&#8220; header_text_color=&#8220;#FFFFFF&#8220; body_text_align=&#8220;justify&#8220; body_text_color=&#8220;#FFFFFF&#8220; body_font_size=&#8220;16px&#8220; min_height=&#8220;210.8px&#8220; custom_padding=&#8220;||28px|||&#8220; border_radii_image=&#8220;on|10px|10px|10px|10px&#8220; global_colors_info=&#8220;{}&#8220;][\/et_pb_blurb][\/et_pb_column][\/et_pb_row][\/et_pb_section]<\/p>","protected":false},"excerpt":{"rendered":"<p>Contact UsYou're just one step away from realizing your marketing and web development goals! Contact us today, and let's work together to find a customized solution that fits your needs perfectly.Contact us today<\/p>","protected":false},"author":1,"featured_media":0,"parent":0,"menu_order":0,"comment_status":"closed","ping_status":"closed","template":"","meta":{"_et_pb_use_builder":"on","_et_pb_old_content":"","_et_gb_content_width":"","footnotes":""},"yoast_head":"<!-- This site is optimized with the Yoast SEO plugin v23.0 - https:\/\/yoast.com\/wordpress\/plugins\/seo\/ -->\n<title>schoenegge.io<\/title>\n<meta name=\"description\" content=\"Sie sind nur einen Schritt davon entfernt, Ihre Marketing- und Web-Entwicklungsziele zu verwirklichen! Kontaktieren Sie uns noch heute und lassen Sie uns gemeinsam eine ma\u00dfgeschneiderte L\u00f6sung finden, die perfekt zu Ihren Bed\u00fcrfnissen passt. Kostenlos, unverbindlich und kurzfristig. Kontaktieren Sie uns jetzt!\" \/>\n<meta name=\"robots\" content=\"index, follow, max-snippet:-1, max-image-preview:large, max-video-preview:-1\" \/>\n<link rel=\"canonical\" href=\"https:\/\/schoenegge.io\/en\/kontakt\/\" \/>\n<meta property=\"og:locale\" content=\"en_US\" \/>\n<meta property=\"og:type\" content=\"article\" \/>\n<meta property=\"og:title\" content=\"Kontaktieren Sie uns f\u00fcr individuelle L\u00f6sungen | Schoenegge.io\" \/>\n<meta property=\"og:description\" content=\"Sie sind nur einen Schritt davon entfernt, Ihre Marketing- und Web-Entwicklungsziele zu verwirklichen! Kontaktieren Sie uns noch heute und lassen Sie uns gemeinsam eine ma\u00dfgeschneiderte L\u00f6sung finden, die perfekt zu Ihren Bed\u00fcrfnissen passt. Kostenlos, unverbindlich und kurzfristig. Kontaktieren Sie uns jetzt!\" \/>\n<meta property=\"og:url\" content=\"https:\/\/schoenegge.io\/en\/kontakt\/\" \/>\n<meta property=\"og:site_name\" content=\"schoenegge.io\" \/>\n<meta property=\"article:modified_time\" content=\"2024-02-19T23:23:31+00:00\" \/>\n<meta name=\"twitter:card\" content=\"summary_large_image\" \/>\n<meta name=\"twitter:label1\" content=\"Est. reading time\" \/>\n\t<meta name=\"twitter:data1\" content=\"1 minute\" \/>\n<script type=\"application\/ld+json\" class=\"yoast-schema-graph\">{\"@context\":\"https:\/\/schema.org\",\"@graph\":[{\"@type\":\"WebPage\",\"@id\":\"https:\/\/schoenegge.io\/kontakt\/\",\"url\":\"https:\/\/schoenegge.io\/kontakt\/\",\"name\":\"Kontaktieren Sie uns f\u00fcr individuelle L\u00f6sungen | Schoenegge.io\",\"isPartOf\":{\"@id\":\"https:\/\/schoenegge.io\/#website\"},\"datePublished\":\"2023-01-04T12:28:07+00:00\",\"dateModified\":\"2024-02-19T23:23:31+00:00\",\"description\":\"Sie sind nur einen Schritt davon entfernt, Ihre Marketing- und Web-Entwicklungsziele zu verwirklichen! Kontaktieren Sie uns noch heute und lassen Sie uns gemeinsam eine ma\u00dfgeschneiderte L\u00f6sung finden, die perfekt zu Ihren Bed\u00fcrfnissen passt. Kostenlos, unverbindlich und kurzfristig. Kontaktieren Sie uns jetzt!\",\"breadcrumb\":{\"@id\":\"https:\/\/schoenegge.io\/kontakt\/#breadcrumb\"},\"inLanguage\":\"en-US\",\"potentialAction\":[{\"@type\":\"ReadAction\",\"target\":[\"https:\/\/schoenegge.io\/kontakt\/\"]}]},{\"@type\":\"BreadcrumbList\",\"@id\":\"https:\/\/schoenegge.io\/kontakt\/#breadcrumb\",\"itemListElement\":[{\"@type\":\"ListItem\",\"position\":1,\"name\":\"Home\",\"item\":\"https:\/\/schoenegge.io\/\"},{\"@type\":\"ListItem\",\"position\":2,\"name\":\"Kontakt\"}]},{\"@type\":\"WebSite\",\"@id\":\"https:\/\/schoenegge.io\/#website\",\"url\":\"https:\/\/schoenegge.io\/\",\"name\":\"schoenegge.io\",\"description\":\"digitale Agentur Web-Entwicklung &amp; Marketing\",\"publisher\":{\"@id\":\"https:\/\/schoenegge.io\/#organization\"},\"potentialAction\":[{\"@type\":\"SearchAction\",\"target\":{\"@type\":\"EntryPoint\",\"urlTemplate\":\"https:\/\/schoenegge.io\/?s={search_term_string}\"},\"query-input\":\"required name=search_term_string\"}],\"inLanguage\":\"en-US\"},{\"@type\":\"Organization\",\"@id\":\"https:\/\/schoenegge.io\/#organization\",\"name\":\"schoenegge.io\",\"url\":\"https:\/\/schoenegge.io\/\",\"logo\":{\"@type\":\"ImageObject\",\"inLanguage\":\"en-US\",\"@id\":\"https:\/\/schoenegge.io\/#\/schema\/logo\/image\/\",\"url\":\"https:\/\/schoenegge.io\/wp-content\/uploads\/2022\/07\/schoenegge.io_logoredesign_grossformatig.png\",\"contentUrl\":\"https:\/\/schoenegge.io\/wp-content\/uploads\/2022\/07\/schoenegge.io_logoredesign_grossformatig.png\",\"width\":2143,\"height\":325,\"caption\":\"schoenegge.io\"},\"image\":{\"@id\":\"https:\/\/schoenegge.io\/#\/schema\/logo\/image\/\"}}]}<\/script>\n<!-- \/ Yoast SEO plugin. -->","yoast_head_json":{"title":"schoenegge.io","description":"Sie sind nur einen Schritt davon entfernt, Ihre Marketing- und Web-Entwicklungsziele zu verwirklichen! Kontaktieren Sie uns noch heute und lassen Sie uns gemeinsam eine ma\u00dfgeschneiderte L\u00f6sung finden, die perfekt zu Ihren Bed\u00fcrfnissen passt. Kostenlos, unverbindlich und kurzfristig. Kontaktieren Sie uns jetzt!","robots":{"index":"index","follow":"follow","max-snippet":"max-snippet:-1","max-image-preview":"max-image-preview:large","max-video-preview":"max-video-preview:-1"},"canonical":"https:\/\/schoenegge.io\/en\/kontakt\/","og_locale":"en_US","og_type":"article","og_title":"Kontaktieren Sie uns f\u00fcr individuelle L\u00f6sungen | Schoenegge.io","og_description":"Sie sind nur einen Schritt davon entfernt, Ihre Marketing- und Web-Entwicklungsziele zu verwirklichen! Kontaktieren Sie uns noch heute und lassen Sie uns gemeinsam eine ma\u00dfgeschneiderte L\u00f6sung finden, die perfekt zu Ihren Bed\u00fcrfnissen passt. Kostenlos, unverbindlich und kurzfristig. Kontaktieren Sie uns jetzt!","og_url":"https:\/\/schoenegge.io\/en\/kontakt\/","og_site_name":"schoenegge.io","article_modified_time":"2024-02-19T23:23:31+00:00","twitter_card":"summary_large_image","twitter_misc":{"Est. reading time":"1 minute"},"schema":{"@context":"https:\/\/schema.org","@graph":[{"@type":"WebPage","@id":"https:\/\/schoenegge.io\/kontakt\/","url":"https:\/\/schoenegge.io\/kontakt\/","name":"Kontaktieren Sie uns f\u00fcr individuelle L\u00f6sungen | Schoenegge.io","isPartOf":{"@id":"https:\/\/schoenegge.io\/#website"},"datePublished":"2023-01-04T12:28:07+00:00","dateModified":"2024-02-19T23:23:31+00:00","description":"Sie sind nur einen Schritt davon entfernt, Ihre Marketing- und Web-Entwicklungsziele zu verwirklichen! Kontaktieren Sie uns noch heute und lassen Sie uns gemeinsam eine ma\u00dfgeschneiderte L\u00f6sung finden, die perfekt zu Ihren Bed\u00fcrfnissen passt. Kostenlos, unverbindlich und kurzfristig. Kontaktieren Sie uns jetzt!","breadcrumb":{"@id":"https:\/\/schoenegge.io\/kontakt\/#breadcrumb"},"inLanguage":"en-US","potentialAction":[{"@type":"ReadAction","target":["https:\/\/schoenegge.io\/kontakt\/"]}]},{"@type":"BreadcrumbList","@id":"https:\/\/schoenegge.io\/kontakt\/#breadcrumb","itemListElement":[{"@type":"ListItem","position":1,"name":"Home","item":"https:\/\/schoenegge.io\/"},{"@type":"ListItem","position":2,"name":"Kontakt"}]},{"@type":"WebSite","@id":"https:\/\/schoenegge.io\/#website","url":"https:\/\/schoenegge.io\/","name":"schoenegge.io","description":"digitale Agentur Web-Entwicklung &amp; Marketing","publisher":{"@id":"https:\/\/schoenegge.io\/#organization"},"potentialAction":[{"@type":"SearchAction","target":{"@type":"EntryPoint","urlTemplate":"https:\/\/schoenegge.io\/?s={search_term_string}"},"query-input":"required name=search_term_string"}],"inLanguage":"en-US"},{"@type":"Organization","@id":"https:\/\/schoenegge.io\/#organization","name":"schoenegge.io","url":"https:\/\/schoenegge.io\/","logo":{"@type":"ImageObject","inLanguage":"en-US","@id":"https:\/\/schoenegge.io\/#\/schema\/logo\/image\/","url":"https:\/\/schoenegge.io\/wp-content\/uploads\/2022\/07\/schoenegge.io_logoredesign_grossformatig.png","contentUrl":"https:\/\/schoenegge.io\/wp-content\/uploads\/2022\/07\/schoenegge.io_logoredesign_grossformatig.png","width":2143,"height":325,"caption":"schoenegge.io"},"image":{"@id":"https:\/\/schoenegge.io\/#\/schema\/logo\/image\/"}}]}},"_links":{"self":[{"href":"https:\/\/schoenegge.io\/en\/wp-json\/wp\/v2\/pages\/5817"}],"collection":[{"href":"https:\/\/schoenegge.io\/en\/wp-json\/wp\/v2\/pages"}],"about":[{"href":"https:\/\/schoenegge.io\/en\/wp-json\/wp\/v2\/types\/page"}],"author":[{"embeddable":true,"href":"https:\/\/schoenegge.io\/en\/wp-json\/wp\/v2\/users\/1"}],"replies":[{"embeddable":true,"href":"https:\/\/schoenegge.io\/en\/wp-json\/wp\/v2\/comments?post=5817"}],"version-history":[{"count":14,"href":"https:\/\/schoenegge.io\/en\/wp-json\/wp\/v2\/pages\/5817\/revisions"}],"predecessor-version":[{"id":25617,"href":"https:\/\/schoenegge.io\/en\/wp-json\/wp\/v2\/pages\/5817\/revisions\/25617"}],"wp:attachment":[{"href":"https:\/\/schoenegge.io\/en\/wp-json\/wp\/v2\/media?parent=5817"}],"curies":[{"name":"wp","href":"https:\/\/api.w.org\/{rel}","templated":true}]}}