{"id":3246,"date":"2020-07-15T14:47:05","date_gmt":"2020-07-15T13:47:05","guid":{"rendered":"https:\/\/schoenegge.io\/?page_id=3246"},"modified":"2026-04-10T11:02:33","modified_gmt":"2026-04-10T10:02:33","slug":"impressum","status":"publish","type":"page","link":"https:\/\/schoenegge.io\/en\/impressum\/","title":{"rendered":"Imprint"},"content":{"rendered":"<p>[et_pb_section fb_built=&#8220;1&#8243; admin_label=&#8220;section&#8220; _builder_version=&#8220;4.19.4&#8243; background_color=&#8220;#1b1b1b&#8220; bottom_divider_style=&#8220;curve2&#8243; bottom_divider_color=&#8220;#FFFFFF&#8220; global_colors_info=&#8220;{}&#8220;][et_pb_row admin_label=&#8220;row&#8220; _builder_version=&#8220;4.16&#8243; background_size=&#8220;initial&#8220; background_position=&#8220;top_left&#8220; background_repeat=&#8220;repeat&#8220; min_height=&#8220;547.4px&#8220; global_colors_info=&#8220;{}&#8220;][et_pb_column type=&#8220;4_4&#8243; _builder_version=&#8220;4.16&#8243; custom_padding=&#8220;|||&#8220; global_colors_info=&#8220;{}&#8220; custom_padding__hover=&#8220;|||&#8220;][et_pb_text admin_label=&#8220;Text&#8220; _builder_version=&#8220;4.27.6&#8243; text_text_color=&#8220;#FFFFFF&#8220; text_font_size=&#8220;16px&#8220; background_size=&#8220;initial&#8220; background_position=&#8220;top_left&#8220; background_repeat=&#8220;repeat&#8220; hover_enabled=&#8220;0&#8243; global_colors_info=&#8220;{}&#8220; sticky_enabled=&#8220;0&#8243;]<\/p>\n<h1 class=\"western\">Imprint<\/h1>\n<p class=\"western\"><span>Oliver Sch\u00f6negge<\/span><br \/><span>C\/ Music Josep Balaguer 24, ESC 4, 1A<\/span><br \/><span>07004 Palma de Mallorca<\/span><br \/><span>Spanien<\/span><\/p>\n<p><span>Tel.: <a href=\"tel: 4901717837687\">01717837687<\/a><\/span><br \/><span>E-Mail: <a href=\"mailto:oliver@schoenegge.io\">oliver@schoenegge.io<\/a><\/span><\/p>\n<p><span>Umsatzsteuer-Identifikationsnummer: ESZ4103732P<\/span><\/p>\n<p><span>Verantwortlicher i.S.d. \u00a7 18 Abs. 2 MStV:<\/span><br \/><span>Oliver Sch\u00f6negge, C\/ Music Josep Balaguer 24, ESC 4, 1A, 07004 Palma de Mallorca, Spanien<\/span><\/p>\n<p><span>Platform of the EU Commission for online dispute resolution: <\/span><a target=\"_blank\" href=\"https:\/\/ec.europa.eu\/odr\" rel=\"noopener\">https:\/\/ec.europa.eu\/odr<\/a><br \/><span>We are not obligated to participate in a dispute resolution procedure before a consumer arbitration board, but we are prepared to do so.<\/span><\/p>\n<p>[\/et_pb_text][\/et_pb_column][\/et_pb_row][\/et_pb_section]<\/p>","protected":false},"excerpt":{"rendered":"<p>Impressum Oliver Sch\u00f6neggeC\/ Music Josep Balaguer 24, ESC 4, 1A07004 Palma de MallorcaSpanien Tel.: 01717837687E-Mail: oliver@schoenegge.io Umsatzsteuer-Identifikationsnummer: ESZ4103732P Verantwortlicher i.S.d. \u00a7 18 Abs. 2 MStV:Oliver Sch\u00f6negge, C\/ Music Josep Balaguer 24, ESC 4, 1A, 07004 Palma de Mallorca, Spanien Plattform der EU-Kommission zur Online-Streitbeilegung: https:\/\/ec.europa.eu\/odrWir sind zur Teilnahme an einem Streitbeilegungsverfahren vor einer Verbraucherschlichtungsstelle nicht [&hellip;]<\/p>","protected":false},"author":1,"featured_media":0,"parent":0,"menu_order":0,"comment_status":"closed","ping_status":"closed","template":"","meta":{"_et_pb_use_builder":"on","_et_pb_old_content":"<h2>Angaben gem\u00e4\u00df \u00a7 5 TMG<\/h2>\r\n<p>Oliver Sch\u00f6negge<br>Heinrichstra\u00dfe 13<br>10317 Berlin<\/p>\r\n<h2>Kontakt<\/h2>\r\n<p>Telefon: 0049 176 34110984<br>E-Mail: oliver(at)schoenegge.io<\/p>\r\n<p>Wir sind nicht bereit oder verpflichtet, an Streitbeilegungsverfahren vor einer<br>Verbraucherschlichtungsstelle teilzunehmen.<\/p>\r\n<h3>Haftung f\u00fcr Inhalte<\/h3>\r\n<p>Als Diensteanbieter sind wir gem\u00e4\u00df \u00a7 7 Abs.1 TMG f\u00fcr eigene Inhalte auf diesen Seiten nach den<br>allgemeinen Gesetzen verantwortlich. Nach \u00a7\u00a7 8 bis 10 TMG sind wir als Diensteanbieter jedoch nicht<br>verpflichtet, \u00fcbermittelte oder gespeicherte fremde Informationen zu \u00fcberwachen oder nach Umst\u00e4nden zu<br>forschen, die auf eine rechtswidrige T\u00e4tigkeit hinweisen.<\/p>\r\n<p>Verpflichtungen zur Entfernung oder Sperrung der Nutzung von Informationen nach den allgemeinen<br>Gesetzen bleiben hiervon unber\u00fchrt. Eine diesbez\u00fcgliche Haftung ist jedoch erst ab dem Zeitpunkt der<br>Kenntnis einer konkreten Rechtsverletzung m\u00f6glich. Bei Bekanntwerden von entsprechenden<br>Rechtsverletzungen werden wir diese Inhalte umgehend entfernen.<\/p>\r\n<h3>Haftung f\u00fcr Links<\/h3>\r\n<p>Unser Angebot enth\u00e4lt Links zu externen Websites Dritter, auf deren Inhalte wir keinen Einfluss haben.<br>Deshalb k\u00f6nnen wir f\u00fcr diese fremden Inhalte auch keine Gew\u00e4hr \u00fcbernehmen. F\u00fcr die Inhalte der<br>verlinkten Seiten ist stets der jeweilige Anbieter oder Betreiber der Seiten verantwortlich. Die verlinkten<br>Seiten wurden zum Zeitpunkt der Verlinkung auf m\u00f6gliche Rechtsverst\u00f6\u00dfe \u00fcberpr\u00fcft. Rechtswidrige Inhalte<br>waren zum Zeitpunkt der Verlinkung nicht erkennbar.<\/p>\r\n<p>Eine permanente inhaltliche Kontrolle der verlinkten Seiten ist jedoch ohne konkrete Anhaltspunkte einer<br>Rechtsverletzung nicht zumutbar. Bei Bekanntwerden von Rechtsverletzungen werden wir derartige Links<br>umgehend entfernen.<\/p>\r\n<h3>Urheberrecht<\/h3>\r\n<p>Die durch die Seitenbetreiber erstellten Inhalte und Werke auf diesen Seiten unterliegen dem deutschen<br>Urheberrecht. Die Vervielf\u00e4ltigung, Bearbeitung, Verbreitung und jede Art der Verwertung au\u00dferhalb der<br>Grenzen des Urheberrechtes bed\u00fcrfen der schriftlichen Zustimmung des jeweiligen Autors bzw. Erstellers.<br>Downloads und Kopien dieser Seite sind nur f\u00fcr den privaten, nicht kommerziellen Gebrauch gestattet.<\/p>\r\n<p>Soweit die Inhalte auf dieser Seite nicht vom Betreiber erstellt wurden, werden die Urheberrechte Dritter<br>beachtet. Insbesondere werden Inhalte Dritter als solche gekennzeichnet. Sollten Sie trotzdem auf eine<br>Urheberrechtsverletzung aufmerksam werden, bitten wir um einen entsprechenden Hinweis. Bei<br>Bekanntwerden von Rechtsverletzungen werden wir derartige Inhalte umgehend entfernen.<\/p>\r\n<p>Quelle:<br><a href=\"http:\/\/www.e-recht24.de\" target=\"_blank\" rel=\"noopener\">e-recht24.de<\/a><\/p>\r\n\r\n<!-- wp:paragraph -->\r\n<p><\/p>\r\n<!-- \/wp:paragraph -->","_et_gb_content_width":"","footnotes":""},"yoast_head":"<!-- This site is optimized with the Yoast SEO plugin v23.0 - https:\/\/yoast.com\/wordpress\/plugins\/seo\/ -->\n<title>schoenegge.io<\/title>\n<meta name=\"description\" content=\"Alle notwendigen rechtlichen Informationen auf einem Blick\" \/>\n<meta name=\"robots\" content=\"noindex, nofollow\" \/>\n<meta property=\"og:locale\" content=\"en_US\" \/>\n<meta property=\"og:type\" content=\"article\" \/>\n<meta property=\"og:title\" content=\"Impressum &#8226; schoenegge.io\" \/>\n<meta property=\"og:description\" content=\"Alle notwendigen rechtlichen Informationen auf einem Blick\" \/>\n<meta property=\"og:url\" content=\"https:\/\/schoenegge.io\/en\/impressum\/\" \/>\n<meta property=\"og:site_name\" content=\"schoenegge.io\" \/>\n<meta property=\"article:modified_time\" content=\"2026-04-10T10:02:33+00:00\" \/>\n<meta name=\"twitter:card\" content=\"summary_large_image\" \/>\n<meta name=\"twitter:label1\" content=\"Est. reading time\" \/>\n\t<meta name=\"twitter:data1\" content=\"1 minute\" \/>\n<script type=\"application\/ld+json\" class=\"yoast-schema-graph\">{\"@context\":\"https:\/\/schema.org\",\"@graph\":[{\"@type\":\"WebPage\",\"@id\":\"https:\/\/schoenegge.io\/impressum\/\",\"url\":\"https:\/\/schoenegge.io\/impressum\/\",\"name\":\"Impressum &#8226; schoenegge.io\",\"isPartOf\":{\"@id\":\"https:\/\/schoenegge.io\/#website\"},\"datePublished\":\"2020-07-15T13:47:05+00:00\",\"dateModified\":\"2026-04-10T10:02:33+00:00\",\"description\":\"Alle notwendigen rechtlichen Informationen auf einem Blick\",\"breadcrumb\":{\"@id\":\"https:\/\/schoenegge.io\/impressum\/#breadcrumb\"},\"inLanguage\":\"en-US\",\"potentialAction\":[{\"@type\":\"ReadAction\",\"target\":[\"https:\/\/schoenegge.io\/impressum\/\"]}]},{\"@type\":\"BreadcrumbList\",\"@id\":\"https:\/\/schoenegge.io\/impressum\/#breadcrumb\",\"itemListElement\":[{\"@type\":\"ListItem\",\"position\":1,\"name\":\"Home\",\"item\":\"https:\/\/schoenegge.io\/\"},{\"@type\":\"ListItem\",\"position\":2,\"name\":\"Impressum\"}]},{\"@type\":\"WebSite\",\"@id\":\"https:\/\/schoenegge.io\/#website\",\"url\":\"https:\/\/schoenegge.io\/\",\"name\":\"schoenegge.io\",\"description\":\"digitale Agentur Web-Entwicklung &amp; Marketing\",\"publisher\":{\"@id\":\"https:\/\/schoenegge.io\/#organization\"},\"potentialAction\":[{\"@type\":\"SearchAction\",\"target\":{\"@type\":\"EntryPoint\",\"urlTemplate\":\"https:\/\/schoenegge.io\/?s={search_term_string}\"},\"query-input\":\"required name=search_term_string\"}],\"inLanguage\":\"en-US\"},{\"@type\":\"Organization\",\"@id\":\"https:\/\/schoenegge.io\/#organization\",\"name\":\"schoenegge.io\",\"url\":\"https:\/\/schoenegge.io\/\",\"logo\":{\"@type\":\"ImageObject\",\"inLanguage\":\"en-US\",\"@id\":\"https:\/\/schoenegge.io\/#\/schema\/logo\/image\/\",\"url\":\"https:\/\/schoenegge.io\/wp-content\/uploads\/2022\/07\/schoenegge.io_logoredesign_grossformatig.png\",\"contentUrl\":\"https:\/\/schoenegge.io\/wp-content\/uploads\/2022\/07\/schoenegge.io_logoredesign_grossformatig.png\",\"width\":2143,\"height\":325,\"caption\":\"schoenegge.io\"},\"image\":{\"@id\":\"https:\/\/schoenegge.io\/#\/schema\/logo\/image\/\"}}]}<\/script>\n<!-- \/ Yoast SEO plugin. -->","yoast_head_json":{"title":"schoenegge.io","description":"Alle notwendigen rechtlichen Informationen auf einem Blick","robots":{"index":"noindex","follow":"nofollow"},"og_locale":"en_US","og_type":"article","og_title":"Impressum &#8226; schoenegge.io","og_description":"Alle notwendigen rechtlichen Informationen auf einem Blick","og_url":"https:\/\/schoenegge.io\/en\/impressum\/","og_site_name":"schoenegge.io","article_modified_time":"2026-04-10T10:02:33+00:00","twitter_card":"summary_large_image","twitter_misc":{"Est. reading time":"1 minute"},"schema":{"@context":"https:\/\/schema.org","@graph":[{"@type":"WebPage","@id":"https:\/\/schoenegge.io\/impressum\/","url":"https:\/\/schoenegge.io\/impressum\/","name":"Impressum &#8226; schoenegge.io","isPartOf":{"@id":"https:\/\/schoenegge.io\/#website"},"datePublished":"2020-07-15T13:47:05+00:00","dateModified":"2026-04-10T10:02:33+00:00","description":"Alle notwendigen rechtlichen Informationen auf einem Blick","breadcrumb":{"@id":"https:\/\/schoenegge.io\/impressum\/#breadcrumb"},"inLanguage":"en-US","potentialAction":[{"@type":"ReadAction","target":["https:\/\/schoenegge.io\/impressum\/"]}]},{"@type":"BreadcrumbList","@id":"https:\/\/schoenegge.io\/impressum\/#breadcrumb","itemListElement":[{"@type":"ListItem","position":1,"name":"Home","item":"https:\/\/schoenegge.io\/"},{"@type":"ListItem","position":2,"name":"Impressum"}]},{"@type":"WebSite","@id":"https:\/\/schoenegge.io\/#website","url":"https:\/\/schoenegge.io\/","name":"schoenegge.io","description":"digitale Agentur Web-Entwicklung &amp; Marketing","publisher":{"@id":"https:\/\/schoenegge.io\/#organization"},"potentialAction":[{"@type":"SearchAction","target":{"@type":"EntryPoint","urlTemplate":"https:\/\/schoenegge.io\/?s={search_term_string}"},"query-input":"required name=search_term_string"}],"inLanguage":"en-US"},{"@type":"Organization","@id":"https:\/\/schoenegge.io\/#organization","name":"schoenegge.io","url":"https:\/\/schoenegge.io\/","logo":{"@type":"ImageObject","inLanguage":"en-US","@id":"https:\/\/schoenegge.io\/#\/schema\/logo\/image\/","url":"https:\/\/schoenegge.io\/wp-content\/uploads\/2022\/07\/schoenegge.io_logoredesign_grossformatig.png","contentUrl":"https:\/\/schoenegge.io\/wp-content\/uploads\/2022\/07\/schoenegge.io_logoredesign_grossformatig.png","width":2143,"height":325,"caption":"schoenegge.io"},"image":{"@id":"https:\/\/schoenegge.io\/#\/schema\/logo\/image\/"}}]}},"_links":{"self":[{"href":"https:\/\/schoenegge.io\/en\/wp-json\/wp\/v2\/pages\/3246"}],"collection":[{"href":"https:\/\/schoenegge.io\/en\/wp-json\/wp\/v2\/pages"}],"about":[{"href":"https:\/\/schoenegge.io\/en\/wp-json\/wp\/v2\/types\/page"}],"author":[{"embeddable":true,"href":"https:\/\/schoenegge.io\/en\/wp-json\/wp\/v2\/users\/1"}],"replies":[{"embeddable":true,"href":"https:\/\/schoenegge.io\/en\/wp-json\/wp\/v2\/comments?post=3246"}],"version-history":[{"count":5,"href":"https:\/\/schoenegge.io\/en\/wp-json\/wp\/v2\/pages\/3246\/revisions"}],"predecessor-version":[{"id":25685,"href":"https:\/\/schoenegge.io\/en\/wp-json\/wp\/v2\/pages\/3246\/revisions\/25685"}],"wp:attachment":[{"href":"https:\/\/schoenegge.io\/en\/wp-json\/wp\/v2\/media?parent=3246"}],"curies":[{"name":"wp","href":"https:\/\/api.w.org\/{rel}","templated":true}]}}