{"id":25645,"date":"2024-03-21T13:09:37","date_gmt":"2024-03-21T12:09:37","guid":{"rendered":"https:\/\/schoenegge.io\/?page_id=25645"},"modified":"2024-03-21T13:15:25","modified_gmt":"2024-03-21T12:15:25","slug":"geschlossener-online-shop","status":"publish","type":"page","link":"https:\/\/schoenegge.io\/en\/geschlossener-online-shop\/","title":{"rendered":"Closed online store for cannabis clubs"},"content":{"rendered":"[et_pb_section fb_built=\"1\u2033 custom_padding_last_edited=\"on|tablet\" admin_label=\"Hero Section\" _builder_version=\"4.19.4\u2033 background_color=\"#1b1b1b\" background_enable_image=\"off\" background_position=\"center_left\" custom_padding=\"100px|0px|100px|0px\" custom_padding_tablet=\"|||\" custom_padding_phone=\"|||\" global_colors_info=\"{}\"][et_pb_row _builder_version=\"4.19.4\u2033 custom_padding=\"|||\" animation_direction=\"bottom\" global_colors_info=\"{}\"][et_pb_column type=\"4_4\u2033 _builder_version=\"4.16\u2033 custom_padding=\"|||\" global_colors_info=\"{}\" custom_padding__hover=\"|||\"][et_pb_text admin_label=\"Title and subhead\" _builder_version=\"4.24.0\u2033 text_font=\"Montserrat|300|||||||\" text_font_size=\"16px\" text_line_height=\"1.8em\" header_font=\"Montserrat||||||||\" header_text_color=\"#ff2f2f2\u2033 header_font_size=\"50px\" header_line_height=\"1.4em\" header_2_font=\"Montserrat||||||||\" header_2_font_size=\"18px\" text_orientation=\"center\" max_width=\"600px\" module_alignment=\"center\" hover_enabled=\"0\u2033 header_font_size_tablet=\"\" header_font_size_phone=\"40px\" header_font_size_last_edited=\"on|desktop\" locked=\"off\" global_colors_info=\"{}\" sticky_enabled=\"0\u2033]<h1><span>Closed online store for cannabis clubs<\/span><\/h1>\n<h2><\/h2>[\/et_pb_text][\/et_pb_column][\/et_pb_row][\/et_pb_section][et_pb_section fb_built=\"1\u2033 _builder_version=\"4.22.1\u2033 background_color=\"#1b1b1b\" custom_margin_tablet=\"\" custom_margin_phone=\"||0px||false|false\" custom_margin_last_edited=\"on|phone\" custom_padding=\"||84px||false|false\" bottom_divider_style=\"ramp2\u2033 bottom_divider_color=\"#FFFFFFFF\" global_colors_info=\"{}\"][et_pb_row _builder_version=\"4.19.4\u2033 _module_preset=\"default\" global_colors_info=\"{}\"][et_pb_column type=\"4_4\u2033 _builder_version=\"4.19.4\u2033 _module_preset=\"default\" global_colors_info=\"{}\"][et_pb_text content_tablet=\"<p style=\"%22text-align:\" center;%22>In today's world, a thorough (online) marketing strategy is at least equally as important as the development of the product itself. Even the best product or service will remain futile if it does not have a strong digital outreach, for it will not be acknowledged and appreciated by the right people. The easiest and most convenient way to attain such a digital reach and to draw people's attention to your product or service is through online marketing.<\/p>\" content_phone=\"<p style=\"%22text-align:\" center;%22>In today's world, a thorough (online) marketing strategy is at least equally as important as the development of the product itself. Even the best product or service will remain futile if it does not have a strong digital outreach, for it will not be acknowledged and appreciated by the right people. The easiest and most convenient way to attain such a digital reach and to draw people's attention to your product or service is through online marketing.<\/p>\" content_last_edited=\"off|desktop\" _builder_version=\"4.24.0\u2033 text_font=\"||||||||\" text_text_color=\"#ffffff\" text_font_size=\"16px\" text_line_height=\"1.8em\" header_font_size=\"25px\" header_2_font=\"Lato|300|||||||\" header_2_text_align=\"left\" header_2_text_color=\"#ffffffff\" header_2_font_size=\"22px\" header_2_line_height=\"1.8em\" text_orientation=\"justified\" min_height=\"110.3px\" hover_enabled=\"0\u2033 header_2_text_align_tablet=\"\" header_2_text_align_phone=\"left\" header_2_text_align_last_edited=\"on|phone\" global_colors_info=\"{}\" sticky_enabled=\"0\u2033]<p>In the era of digitalization, we offer cannabis social clubs and associations tailor-made online store systems. These exclusive platforms enable members to purchase products or use services securely and discreetly. Especially for cannabis clubs, which are gaining in importance in the course of legalization in Germany, our offering is a key resource for the efficient distribution of products among members.<\/p>[\/et_pb_text][et_pb_button button_url=\"\/contact\/\" button_text=\"Contact us now\" button_alignment=\"center\" _builder_version=\"4.22.1\u2033 _module_preset=\"default\" custom_button=\"on\" button_text_size=\"21px\" button_text_color=\"#FFFFFF\" button_bg_color=\"#54BD8A\" button_border_width=\"0px\" button_border_radius=\"10px\" button_font=\"|700|||||||\" global_colors_info=\"{}\"][\/et_pb_button][\/et_pb_column][\/et_pb_row][\/et_pb_section][et_pb_section fb_built=\"1\u2033 _builder_version=\"4.22.1\u2033 background_color=\"#1b1b1b\" custom_margin_tablet=\"\" custom_margin_phone=\"||0px||false|false\" custom_margin_last_edited=\"on|phone\" custom_padding=\"||84px||false|false\" top_divider_style=\"slant2\u2033 top_divider_color=\"#FFFFFFFF\" bottom_divider_style=\"ramp2\u2033 bottom_divider_color=\"#FFFFFFFF\" global_colors_info=\"{}\"][et_pb_row _builder_version=\"4.19.4\u2033 _module_preset=\"default\" global_colors_info=\"{}\"][et_pb_column type=\"4_4\u2033 _builder_version=\"4.19.4\u2033 _module_preset=\"default\" global_colors_info=\"{}\"][et_pb_text content_tablet=\"<p style=\"%22text-align:\" center;%22>In today's world, a thorough (online) marketing strategy is at least equally as important as the development of the product itself. Even the best product or service will remain futile if it does not have a strong digital outreach, for it will not be acknowledged and appreciated by the right people. The easiest and most convenient way to attain such a digital reach and to draw people's attention to your product or service is through online marketing.<\/p>\" content_phone=\"<p style=\"%22text-align:\" center;%22>In today's world, a thorough (online) marketing strategy is at least equally as important as the development of the product itself. Even the best product or service will remain futile if it does not have a strong digital outreach, for it will not be acknowledged and appreciated by the right people. The easiest and most convenient way to attain such a digital reach and to draw people's attention to your product or service is through online marketing.<\/p>\" content_last_edited=\"off|desktop\" _builder_version=\"4.24.0\u2033 text_font=\"||||||||\" text_text_color=\"#ffffff\" text_font_size=\"16px\" text_line_height=\"1.8em\" header_font_size=\"25px\" header_2_font=\"Lato|700|||||||\" header_2_text_align=\"left\" header_2_text_color=\"#54BD8A\" header_2_font_size=\"30px\" header_2_line_height=\"1.8em\" text_orientation=\"justified\" min_height=\"55.3px\" custom_padding_tablet=\"\" custom_padding_phone=\"65px||||false|false\" custom_padding_last_edited=\"on|phone\" hover_enabled=\"0\u2033 header_2_text_align_tablet=\"\" header_2_text_align_phone=\"left\" header_2_text_align_last_edited=\"on|phone\" header_2_font_size_tablet=\"30px\" header_2_font_size_phone=\"25px\" header_2_font_size_last_edited=\"on|phone\" global_colors_info=\"{}\" sticky_enabled=\"0\u2033]<h2><strong>Why a closed online store?<\/strong><\/h2>\n<p>Closed online stores are essential in today's digital world, especially for communities that value privacy and exclusivity. They provide a secure platform where club members can purchase specialized products or services. Our systems guarantee that only members have access to the offer and support association management in the administration and approval of orders. These exclusive platforms are essential for protecting privacy and maintaining club standards.<\/p>\n<h2><\/h2>\n<h2><strong>Advantages for cannabis social clubs<\/strong><\/h2>\n<p>Our tailor-made online store systems offer an ideal solution for cannabis social clubs, which are playing an increasingly important role against the backdrop of legalization in Germany. They enable efficient and discreet distribution of cannabis products among members. By professionalizing cultivation, clubs can ensure the quality and safety of their products. Our platforms facilitate the entire process from ordering to distribution, allowing clubs to focus on their core competencies: quality cultivation and member satisfaction.<\/p>\n<h2><strong>Our solutions<\/strong><\/h2>\n<p>At Schoenegge.io, we understand the unique needs of cannabis social clubs and other associations. Our online store systems are based on state-of-the-art technology and are customizable to meet any requirement. Whether you prefer a simple solution based on existing technology or want a completely customized development, we offer flexible and secure solutions that simplify the purchasing process for members. Discover how our exclusive platforms can improve the efficiency and discretion of your club.<\/p>[\/et_pb_text][\/et_pb_column][\/et_pb_row][\/et_pb_section][et_pb_section fb_built=\"1\u2033 _builder_version=\"4.22.1\u2033 background_color=\"#1b1b1b\" custom_margin_tablet=\"\" custom_margin_phone=\"||0px||false|false\" custom_margin_last_edited=\"on|phone\" custom_padding=\"||84px||false|false\" top_divider_style=\"slant2\u2033 top_divider_color=\"#FFFFFFFF\" bottom_divider_style=\"ramp2\u2033 bottom_divider_color=\"#FFFFFFFF\" global_colors_info=\"{}\"][et_pb_row _builder_version=\"4.19.4\u2033 _module_preset=\"default\" global_colors_info=\"{}\"][et_pb_column type=\"4_4\u2033 _builder_version=\"4.19.4\u2033 _module_preset=\"default\" global_colors_info=\"{}\"][et_pb_text content_tablet=\"<p style=\"%22text-align:\" center;%22>In today's world, a thorough (online) marketing strategy is at least equally as important as the development of the product itself. Even the best product or service will remain futile if it does not have a strong digital outreach, for it will not be acknowledged and appreciated by the right people. The easiest and most convenient way to attain such a digital reach and to draw people's attention to your product or service is through online marketing.<\/p>\" content_phone=\"<p style=\"%22text-align:\" center;%22>In today's world, a thorough (online) marketing strategy is at least equally as important as the development of the product itself. Even the best product or service will remain futile if it does not have a strong digital outreach, for it will not be acknowledged and appreciated by the right people. The easiest and most convenient way to attain such a digital reach and to draw people's attention to your product or service is through online marketing.<\/p>\" content_last_edited=\"off|desktop\" _builder_version=\"4.24.0\u2033 text_font=\"||||||||\" text_text_color=\"#ffffff\" text_font_size=\"16px\" text_line_height=\"1.8em\" header_font_size=\"25px\" header_2_font=\"Lato|700|||||||\" header_2_text_align=\"left\" header_2_text_color=\"#54BD8A\" header_2_font_size=\"30px\" header_2_line_height=\"1.8em\" text_orientation=\"justified\" min_height=\"55.3px\" custom_padding_tablet=\"\" custom_padding_phone=\"65px||||false|false\" custom_padding_last_edited=\"on|phone\" hover_enabled=\"0\u2033 header_2_text_align_tablet=\"\" header_2_text_align_phone=\"left\" header_2_text_align_last_edited=\"on|phone\" header_2_font_size_tablet=\"30px\" header_2_font_size_phone=\"25px\" header_2_font_size_last_edited=\"on|phone\" global_colors_info=\"{}\" sticky_enabled=\"0\u2033]<h2><strong>Why schoenegge.io?<\/strong><\/h2>\n<p>Led by Oliver Sch\u00f6negge, schoenegge.io is characterized by a profound expertise and a broad experience in the digital field. Oliver brings valuable insights from his work in various key positions since 2014, always focusing on the individual needs of our clients. Our team combines many years of experience in web development with a strong affinity for digital innovation, including AI, to provide customized solutions.<\/p>\n<p>We are a compact team of freelancers who work efficiently and purposefully under Oliver's leadership. Our agile methods and ability to work remotely allow us to respond flexibly and quickly to your requirements. Partnerships with technology providers such as Netlify strengthen our offering, while our values - integrity, innovation and client focus - form the foundation of our work.<\/p>[\/et_pb_text][\/et_pb_column][\/et_pb_row][\/et_pb_section][et_pb_section fb_built=\"1\u2033 _builder_version=\"4.22.1\u2033 background_color=\"#1b1b1b\" custom_margin_tablet=\"\" custom_margin_phone=\"||0px||false|false\" custom_margin_last_edited=\"on|phone\" custom_padding=\"||84px||false|false\" top_divider_style=\"slant2\u2033 top_divider_color=\"#FFFFFFFF\" bottom_divider_style=\"ramp2\u2033 bottom_divider_color=\"#FFFFFFFF\" global_colors_info=\"{}\"][et_pb_row _builder_version=\"4.19.4\u2033 _module_preset=\"default\" global_colors_info=\"{}\"][et_pb_column type=\"4_4\u2033 _builder_version=\"4.19.4\u2033 _module_preset=\"default\" global_colors_info=\"{}\"][et_pb_text content_tablet=\"<p style=\"%22text-align:\" center;%22>In today's world, a thorough (online) marketing strategy is at least equally as important as the development of the product itself. Even the best product or service will remain futile if it does not have a strong digital outreach, for it will not be acknowledged and appreciated by the right people. The easiest and most convenient way to attain such a digital reach and to draw people's attention to your product or service is through online marketing.<\/p>\" content_phone=\"<p style=\"%22text-align:\" center;%22>In today's world, a thorough (online) marketing strategy is at least equally as important as the development of the product itself. Even the best product or service will remain futile if it does not have a strong digital outreach, for it will not be acknowledged and appreciated by the right people. The easiest and most convenient way to attain such a digital reach and to draw people's attention to your product or service is through online marketing.<\/p>\" content_last_edited=\"off|desktop\" _builder_version=\"4.24.0\u2033 text_font=\"||||||||\" text_text_color=\"#ffffff\" text_font_size=\"16px\" text_line_height=\"1.8em\" header_font_size=\"25px\" header_2_font=\"Lato|700|||||||\" header_2_text_align=\"left\" header_2_text_color=\"#54BD8A\" header_2_font_size=\"30px\" header_2_line_height=\"1.8em\" text_orientation=\"justified\" min_height=\"55.3px\" custom_padding_tablet=\"\" custom_padding_phone=\"65px||||false|false\" custom_padding_last_edited=\"on|phone\" hover_enabled=\"0\u2033 header_2_text_align_tablet=\"\" header_2_text_align_phone=\"left\" header_2_text_align_last_edited=\"on|phone\" header_2_font_size_tablet=\"30px\" header_2_font_size_phone=\"25px\" header_2_font_size_last_edited=\"on|phone\" global_colors_info=\"{}\" sticky_enabled=\"0\u2033]<h2><span>Designing together: Your club, our technology<\/span><\/h2>\n<p><span>We are currently in the exciting phase of development and looking for specific applications. Do you run a cannabis club or are you a member of a community that would benefit from an efficient cannabis harvest distribution system? We at Schoenegge.io are especially excited to work with you. A solution tailored specifically to your club's needs and challenges could make a significant difference. We invite you to contact us and explore together the possibilities of how we can help you achieve your goals. Your inquiry would be a valuable step for us towards practical development and innovation.<\/span><\/p>[\/et_pb_text][\/et_pb_column][\/et_pb_row][\/et_pb_section][et_pb_section fb_built=\"1\u2033 _builder_version=\"4.19.4\u2033 _module_preset=\"default\" background_color=\"#1b1b1b\" min_height=\"400px\" top_divider_style=\"slant2\u2033 top_divider_color=\"#FFFFFFFF\" bottom_divider_style=\"curve2\u2033 bottom_divider_color=\"#FFFFFFFF\" global_colors_info=\"{}\"][et_pb_row _builder_version=\"4.19.4\u2033 _module_preset=\"default\" global_colors_info=\"{}\"][et_pb_column type=\"4_4\u2033 _builder_version=\"4.19.4\u2033 _module_preset=\"default\" global_colors_info=\"{}\"][et_pb_text content_tablet=\"<p style=\"%22text-align:\" center;%22>In today's world, a thorough (online) marketing strategy is at least equally as important as the development of the product itself. Even the best product or service will remain futile if it does not have a strong digital outreach, for it will not be acknowledged and appreciated by the right people. The easiest and most convenient way to attain such a digital reach and to draw people's attention to your product or service is through online marketing.<\/p>\" content_phone=\"<p style=\"%22text-align:\" center;%22>In today's world, a thorough (online) marketing strategy is at least equally as important as the development of the product itself. Even the best product or service will remain futile if it does not have a strong digital outreach, for it will not be acknowledged and appreciated by the right people. The easiest and most convenient way to attain such a digital reach and to draw people's attention to your product or service is through online marketing.<\/p>\" content_last_edited=\"off|desktop\" _builder_version=\"4.24.0\u2033 text_font=\"||||||||\" text_text_color=\"#ffffff\" text_font_size=\"16px\" text_line_height=\"1.8em\" header_font_size=\"25px\" header_2_font=\"Lato|700|||||||\" header_2_text_align=\"left\" header_2_text_color=\"#54BD8A\" header_2_font_size=\"30px\" header_2_line_height=\"1.8em\" header_3_text_color=\"#FFFFFF\" text_orientation=\"justified\" min_height=\"148.3px\" custom_margin=\"0px||96px||false|false\" custom_padding=\"30px||||false|false\" hover_enabled=\"0\u2033 header_2_text_align_tablet=\"\" header_2_text_align_phone=\"left\" header_2_text_align_last_edited=\"on|phone\" header_2_font_size_tablet=\"30px\" header_2_font_size_phone=\"25px\" header_2_font_size_last_edited=\"on|phone\" global_colors_info=\"{}\" sticky_enabled=\"0\u2033]<p>&nbsp;<\/p>\n<h2>Get in touch<\/h2>\n<p><span>Let's break new ground together! If you are ready to revolutionize distribution in your cannabis club, we look forward to hearing from you. Contact us now and become part of the solution that makes the difference.<\/span><\/p>[\/et_pb_text][et_pb_button button_url=\"\/contact\/\" button_text=\"Contact us now\" button_alignment=\"center\" _builder_version=\"4.24.0\u2033 _module_preset=\"default\" custom_button=\"on\" button_text_size=\"21px\" button_text_color=\"#FFFFFF\" button_bg_color=\"#54BD8A\" button_border_width=\"0px\" button_border_radius=\"10px\" button_font=\"|700|||||||\" global_colors_info=\"{}\"][\/et_pb_button][\/et_pb_column][\/et_pb_row][\/et_pb_section]","protected":false},"excerpt":{"rendered":"<p>Closed online store for cannabis clubs In the era of digitalization, we offer cannabis social clubs and associations tailor-made online store systems. These exclusive platforms enable members to purchase products or use services securely and discreetly. Especially for cannabis clubs, which are gaining in importance in the course of legalization in Germany, our offer is a [...]<\/p>","protected":false},"author":1,"featured_media":0,"parent":0,"menu_order":0,"comment_status":"closed","ping_status":"closed","template":"","meta":{"_et_pb_use_builder":"on","_et_pb_old_content":"","_et_gb_content_width":"","footnotes":""},"yoast_head":"<!-- This site is optimized with the Yoast SEO plugin v23.0 - https:\/\/yoast.com\/wordpress\/plugins\/seo\/ -->\n<title>schoenegge.io<\/title>\n<meta name=\"description\" content=\"Entdecken Sie ma\u00dfgeschneiderte Online-Shop-Systeme f\u00fcr Cannabis Social Clubs und Vereine. Sicher und perfekt f\u00fcr die \u00c4ra der Digitalisierung.\" \/>\n<meta name=\"robots\" content=\"index, follow, max-snippet:-1, max-image-preview:large, max-video-preview:-1\" \/>\n<link rel=\"canonical\" href=\"https:\/\/schoenegge.io\/en\/geschlossener-online-shop\/\" \/>\n<meta property=\"og:locale\" content=\"en_US\" \/>\n<meta property=\"og:type\" content=\"article\" \/>\n<meta property=\"og:title\" content=\"Geschlossene Online-Shops f\u00fcr Cannabis Social Clubs (CSC)\" \/>\n<meta property=\"og:description\" content=\"Entdecken Sie ma\u00dfgeschneiderte Online-Shop-Systeme f\u00fcr Cannabis Social Clubs und Vereine. Sicher und perfekt f\u00fcr die \u00c4ra der Digitalisierung.\" \/>\n<meta property=\"og:url\" content=\"https:\/\/schoenegge.io\/en\/geschlossener-online-shop\/\" \/>\n<meta property=\"og:site_name\" content=\"schoenegge.io\" \/>\n<meta property=\"article:modified_time\" content=\"2024-03-21T12:15:25+00:00\" \/>\n<meta name=\"twitter:card\" content=\"summary_large_image\" \/>\n<meta name=\"twitter:label1\" content=\"Est. reading time\" \/>\n\t<meta name=\"twitter:data1\" content=\"3 minutes\" \/>\n<script type=\"application\/ld+json\" class=\"yoast-schema-graph\">{\"@context\":\"https:\/\/schema.org\",\"@graph\":[{\"@type\":\"WebPage\",\"@id\":\"https:\/\/schoenegge.io\/geschlossener-online-shop\/\",\"url\":\"https:\/\/schoenegge.io\/geschlossener-online-shop\/\",\"name\":\"Geschlossene Online-Shops f\u00fcr Cannabis Social Clubs (CSC)\",\"isPartOf\":{\"@id\":\"https:\/\/schoenegge.io\/#website\"},\"datePublished\":\"2024-03-21T12:09:37+00:00\",\"dateModified\":\"2024-03-21T12:15:25+00:00\",\"description\":\"Entdecken Sie ma\u00dfgeschneiderte Online-Shop-Systeme f\u00fcr Cannabis Social Clubs und Vereine. Sicher und perfekt f\u00fcr die \u00c4ra der Digitalisierung.\",\"breadcrumb\":{\"@id\":\"https:\/\/schoenegge.io\/geschlossener-online-shop\/#breadcrumb\"},\"inLanguage\":\"en-US\",\"potentialAction\":[{\"@type\":\"ReadAction\",\"target\":[\"https:\/\/schoenegge.io\/geschlossener-online-shop\/\"]}]},{\"@type\":\"BreadcrumbList\",\"@id\":\"https:\/\/schoenegge.io\/geschlossener-online-shop\/#breadcrumb\",\"itemListElement\":[{\"@type\":\"ListItem\",\"position\":1,\"name\":\"Home\",\"item\":\"https:\/\/schoenegge.io\/\"},{\"@type\":\"ListItem\",\"position\":2,\"name\":\"Geschlossener Online-Shop f\u00fcr Cannabis Clubs\"}]},{\"@type\":\"WebSite\",\"@id\":\"https:\/\/schoenegge.io\/#website\",\"url\":\"https:\/\/schoenegge.io\/\",\"name\":\"schoenegge.io\",\"description\":\"digitale Agentur Web-Entwicklung &amp; Marketing\",\"publisher\":{\"@id\":\"https:\/\/schoenegge.io\/#organization\"},\"potentialAction\":[{\"@type\":\"SearchAction\",\"target\":{\"@type\":\"EntryPoint\",\"urlTemplate\":\"https:\/\/schoenegge.io\/?s={search_term_string}\"},\"query-input\":\"required name=search_term_string\"}],\"inLanguage\":\"en-US\"},{\"@type\":\"Organization\",\"@id\":\"https:\/\/schoenegge.io\/#organization\",\"name\":\"schoenegge.io\",\"url\":\"https:\/\/schoenegge.io\/\",\"logo\":{\"@type\":\"ImageObject\",\"inLanguage\":\"en-US\",\"@id\":\"https:\/\/schoenegge.io\/#\/schema\/logo\/image\/\",\"url\":\"https:\/\/schoenegge.io\/wp-content\/uploads\/2022\/07\/schoenegge.io_logoredesign_grossformatig.png\",\"contentUrl\":\"https:\/\/schoenegge.io\/wp-content\/uploads\/2022\/07\/schoenegge.io_logoredesign_grossformatig.png\",\"width\":2143,\"height\":325,\"caption\":\"schoenegge.io\"},\"image\":{\"@id\":\"https:\/\/schoenegge.io\/#\/schema\/logo\/image\/\"}}]}<\/script>\n<!-- \/ Yoast SEO plugin. -->","yoast_head_json":{"title":"schoenegge.io","description":"Entdecken Sie ma\u00dfgeschneiderte Online-Shop-Systeme f\u00fcr Cannabis Social Clubs und Vereine. Sicher und perfekt f\u00fcr die \u00c4ra der Digitalisierung.","robots":{"index":"index","follow":"follow","max-snippet":"max-snippet:-1","max-image-preview":"max-image-preview:large","max-video-preview":"max-video-preview:-1"},"canonical":"https:\/\/schoenegge.io\/en\/geschlossener-online-shop\/","og_locale":"en_US","og_type":"article","og_title":"Geschlossene Online-Shops f\u00fcr Cannabis Social Clubs (CSC)","og_description":"Entdecken Sie ma\u00dfgeschneiderte Online-Shop-Systeme f\u00fcr Cannabis Social Clubs und Vereine. Sicher und perfekt f\u00fcr die \u00c4ra der Digitalisierung.","og_url":"https:\/\/schoenegge.io\/en\/geschlossener-online-shop\/","og_site_name":"schoenegge.io","article_modified_time":"2024-03-21T12:15:25+00:00","twitter_card":"summary_large_image","twitter_misc":{"Est. reading time":"3 minutes"},"schema":{"@context":"https:\/\/schema.org","@graph":[{"@type":"WebPage","@id":"https:\/\/schoenegge.io\/geschlossener-online-shop\/","url":"https:\/\/schoenegge.io\/geschlossener-online-shop\/","name":"Geschlossene Online-Shops f\u00fcr Cannabis Social Clubs (CSC)","isPartOf":{"@id":"https:\/\/schoenegge.io\/#website"},"datePublished":"2024-03-21T12:09:37+00:00","dateModified":"2024-03-21T12:15:25+00:00","description":"Entdecken Sie ma\u00dfgeschneiderte Online-Shop-Systeme f\u00fcr Cannabis Social Clubs und Vereine. Sicher und perfekt f\u00fcr die \u00c4ra der Digitalisierung.","breadcrumb":{"@id":"https:\/\/schoenegge.io\/geschlossener-online-shop\/#breadcrumb"},"inLanguage":"en-US","potentialAction":[{"@type":"ReadAction","target":["https:\/\/schoenegge.io\/geschlossener-online-shop\/"]}]},{"@type":"BreadcrumbList","@id":"https:\/\/schoenegge.io\/geschlossener-online-shop\/#breadcrumb","itemListElement":[{"@type":"ListItem","position":1,"name":"Home","item":"https:\/\/schoenegge.io\/"},{"@type":"ListItem","position":2,"name":"Geschlossener Online-Shop f\u00fcr Cannabis Clubs"}]},{"@type":"WebSite","@id":"https:\/\/schoenegge.io\/#website","url":"https:\/\/schoenegge.io\/","name":"schoenegge.io","description":"digitale Agentur Web-Entwicklung &amp; Marketing","publisher":{"@id":"https:\/\/schoenegge.io\/#organization"},"potentialAction":[{"@type":"SearchAction","target":{"@type":"EntryPoint","urlTemplate":"https:\/\/schoenegge.io\/?s={search_term_string}"},"query-input":"required name=search_term_string"}],"inLanguage":"en-US"},{"@type":"Organization","@id":"https:\/\/schoenegge.io\/#organization","name":"schoenegge.io","url":"https:\/\/schoenegge.io\/","logo":{"@type":"ImageObject","inLanguage":"en-US","@id":"https:\/\/schoenegge.io\/#\/schema\/logo\/image\/","url":"https:\/\/schoenegge.io\/wp-content\/uploads\/2022\/07\/schoenegge.io_logoredesign_grossformatig.png","contentUrl":"https:\/\/schoenegge.io\/wp-content\/uploads\/2022\/07\/schoenegge.io_logoredesign_grossformatig.png","width":2143,"height":325,"caption":"schoenegge.io"},"image":{"@id":"https:\/\/schoenegge.io\/#\/schema\/logo\/image\/"}}]}},"_links":{"self":[{"href":"https:\/\/schoenegge.io\/en\/wp-json\/wp\/v2\/pages\/25645"}],"collection":[{"href":"https:\/\/schoenegge.io\/en\/wp-json\/wp\/v2\/pages"}],"about":[{"href":"https:\/\/schoenegge.io\/en\/wp-json\/wp\/v2\/types\/page"}],"author":[{"embeddable":true,"href":"https:\/\/schoenegge.io\/en\/wp-json\/wp\/v2\/users\/1"}],"replies":[{"embeddable":true,"href":"https:\/\/schoenegge.io\/en\/wp-json\/wp\/v2\/comments?post=25645"}],"version-history":[{"count":4,"href":"https:\/\/schoenegge.io\/en\/wp-json\/wp\/v2\/pages\/25645\/revisions"}],"predecessor-version":[{"id":25652,"href":"https:\/\/schoenegge.io\/en\/wp-json\/wp\/v2\/pages\/25645\/revisions\/25652"}],"wp:attachment":[{"href":"https:\/\/schoenegge.io\/en\/wp-json\/wp\/v2\/media?parent=25645"}],"curies":[{"name":"wp","href":"https:\/\/api.w.org\/{rel}","templated":true}]}}