{"id":25595,"date":"2024-02-16T15:25:19","date_gmt":"2024-02-16T14:25:19","guid":{"rendered":"https:\/\/schoenegge.io\/?page_id=25595"},"modified":"2024-02-27T10:45:18","modified_gmt":"2024-02-27T09:45:18","slug":"loma-eco","status":"publish","type":"page","link":"https:\/\/schoenegge.io\/en\/loma-eco\/","title":{"rendered":"Loma.eco"},"content":{"rendered":"<p>[et_pb_section fb_built=\"1\u2033 custom_padding_last_edited=\"on|tablet\" admin_label=\"Hero Section\" _builder_version=\"4.19.4\u2033 background_color=\"#1b1b1b\" background_enable_image=\"off\" background_position=\"center_left\" custom_padding=\"100px|0px|100px|0px\" custom_padding_tablet=\"|||\" custom_padding_phone=\"|||\" global_colors_info=\"{}\"][et_pb_row _builder_version=\"4.19.4\u2033 custom_padding=\"|||\" animation_direction=\"bottom\" global_colors_info=\"{}\"][et_pb_column type=\"4_4\u2033 _builder_version=\"4.16\u2033 custom_padding=\"|||\" global_colors_info=\"{}\" custom_padding__hover=\"|||\"][et_pb_image src=\"https:\/\/schoenegge.io\/wp-content\/uploads\/2024\/02\/Loma.eco_Logo_White_Large_190618.png\" alt=\"Loma.eco - Marketplace for regional products White logo\" title_text=\"Loma.eco_Logo_White_Large_190618\u2033 align=\"center\" _builder_version=\"4.24.0\u2033 _module_preset=\"default\" border_radii=\"on|10px|10px|10px|10px\" global_colors_info=\"{}\"][\/et_pb_image][et_pb_text admin_label=\"Title and subhead\" _builder_version=\"4.24.0\u2033 text_font=\"Montserrat|300|||||||\" text_font_size=\"16px\" text_line_height=\"1.8em\" header_font=\"Montserrat||||||||\" header_text_color=\"#f2f2f2\u2033 header_font_size=\"50px\" header_line_height=\"1.4em\" header_2_font=\"Montserrat||||||||\" header_2_font_size=\"18px\" text_orientation=\"center\" max_width=\"600px\" module_alignment=\"center\" header_font_size_tablet=\"\" header_font_size_phone=\"40px\" header_font_size_last_edited=\"on|desktop\" locked=\"off\" global_colors_info=\"{}\"]<\/p>\n<h1><span><strong>Online marketplace for regional products<\/strong><\/span><\/h1>\n<p>[\/et_pb_text][et_pb_text admin_label=\"Title and subhead\" _builder_version=\"4.24.0\u2033 text_font=\"Montserrat|300|||||||\" text_font_size=\"16px\" text_line_height=\"1.8em\" header_font=\"Montserrat||||||||\" header_text_color=\"#f2f2f2\u2033 header_font_size=\"50px\" header_line_height=\"1.4em\" header_2_font=\"Montserrat||||||||\" header_2_font_size=\"18px\" text_orientation=\"center\" max_width=\"600px\" module_alignment=\"center\" header_font_size_tablet=\"\" header_font_size_phone=\"40px\" header_font_size_last_edited=\"on|desktop\" locked=\"off\" global_colors_info=\"{}\"]<\/p>\n<h2><span><strong>developed by schoenegge.io<\/strong><\/span><\/h2>\n<p>[\/et_pb_text][\/et_pb_column][\/et_pb_row][\/et_pb_section][et_pb_section fb_built=\"1\u2033 _builder_version=\"4.22.1\u2033 background_color=\"#1b1b1b\" custom_margin_tablet=\"\" custom_margin_phone=\"||0px||false|false\" custom_margin_last_edited=\"on|phone\" custom_padding=\"||84px||false|false\" bottom_divider_style=\"ramp2\u2033 bottom_divider_color=\"#FFFFFFFF\" global_colors_info=\"{}\"][et_pb_row _builder_version=\"4.19.4\u2033 _module_preset=\"default\" global_colors_info=\"{}\"][et_pb_column type=\"4_4\u2033 _builder_version=\"4.19.4\u2033 _module_preset=\"default\" global_colors_info=\"{}\"][et_pb_text content_tablet=\"<\/p>\n<p style=\"%22text-align:\" center;%22>In today's world, a thorough (online) marketing strategy is at least equally as important as the development of the product itself. Even the best product or service will remain futile if it does not have a strong digital outreach, for it will not be acknowledged and appreciated by the right people. The easiest and most convenient way to attain such a digital reach and to draw people's attention to your product or service is through online marketing.<\/p>\n<p>\" content_phone=\"<\/p>\n<p style=\"%22text-align:\" center;%22>In today's world, a thorough (online) marketing strategy is at least equally as important as the development of the product itself. Even the best product or service will remain futile if it does not have a strong digital outreach, for it will not be acknowledged and appreciated by the right people. The easiest and most convenient way to attain such a digital reach and to draw people's attention to your product or service is through online marketing.<\/p>\n<p>\" content_last_edited=\"off|desktop\" _builder_version=\"4.24.0\u2033 text_font=\"||||||||\" text_text_color=\"#ffffff\" text_font_size=\"16px\" text_line_height=\"1.8em\" header_font_size=\"25px\" header_2_font=\"Lato|300|||||||\" header_2_text_align=\"left\" header_2_text_color=\"#54BD8A\" header_2_font_size=\"30px\" header_2_line_height=\"1.8em\" text_orientation=\"justified\" min_height=\"110.3px\" header_2_text_align_tablet=\"\" header_2_text_align_phone=\"left\" header_2_text_align_last_edited=\"on|phone\" header_2_font_size_tablet=\"30px\" header_2_font_size_phone=\"25px\" header_2_font_size_last_edited=\"on|phone\" global_colors_info=\"{}\"]<\/p>\n<p>Loma.eco was more than just a marketplace; it was a vision launched by Max Bieber and Oliver Sch\u00f6negge in January 2019 with the aim of creating a direct link between regional producers and end customers. Through our platform, customers were able to source a variety of products directly from over 150 producers across Germany, without intermediaries, which meant direct support for local producers.<\/p>\n<h2><strong>A look back at our journey<\/strong><\/h2>\n<p>With over 2000 products, Loma.eco offered a unique selection that enabled customers to make their everyday lives more sustainable. The technical basis was formed by Shopware in combination with specially developed software in Go, which was designed specifically for the challenges of an online marketplace, such as shopping cart allocation and billing.<br \/>Our online marketing approach, which was based on direct product marketing, Google Shopping, SEO, social media advertising and cooperation with affiliate platforms, contributed significantly to our visibility and success.<\/p>\n<p>&nbsp;<\/p>\n<p>[\/et_pb_text][et_pb_image src=\"https:\/\/schoenegge.io\/wp-content\/uploads\/2024\/02\/fb_banner.jpg\" alt=\"loma.eco - Hofladen 24\/7\u2033 title_text=\"fb_banner\" align=\"center\" _builder_version=\"4.24.0\u2033 _module_preset=\"default\" border_radii=\"on|10px|10px|10px|10px\" global_colors_info=\"{}\"][\/et_pb_image][et_pb_text content_tablet=\"<\/p>\n<p style=\"%22text-align:\" center;%22>In today's world, a thorough (online) marketing strategy is at least equally as important as the development of the product itself. Even the best product or service will remain futile if it does not have a strong digital outreach, for it will not be acknowledged and appreciated by the right people. The easiest and most convenient way to attain such a digital reach and to draw people's attention to your product or service is through online marketing.<\/p>\n<p>\" content_phone=\"<\/p>\n<p style=\"%22text-align:\" center;%22>In today's world, a thorough (online) marketing strategy is at least equally as important as the development of the product itself. Even the best product or service will remain futile if it does not have a strong digital outreach, for it will not be acknowledged and appreciated by the right people. The easiest and most convenient way to attain such a digital reach and to draw people's attention to your product or service is through online marketing.<\/p>\n<p>\" content_last_edited=\"off|desktop\" _builder_version=\"4.24.0\u2033 text_font=\"||||||||\" text_text_color=\"#ffffff\" text_font_size=\"16px\" text_line_height=\"1.8em\" header_font_size=\"25px\" header_2_font=\"Lato|300|||||||\" header_2_text_align=\"left\" header_2_text_color=\"#54BD8A\" header_2_font_size=\"30px\" header_2_line_height=\"1.8em\" text_orientation=\"justified\" min_height=\"110.3px\" header_2_text_align_tablet=\"\" header_2_text_align_phone=\"left\" header_2_text_align_last_edited=\"on|phone\" header_2_font_size_tablet=\"30px\" header_2_font_size_phone=\"25px\" header_2_font_size_last_edited=\"on|phone\" global_colors_info=\"{}\"]<\/p>\n<p><strong style=\"color: #54bd8a; font-family: Lato, Helvetica, Arial, Lucida, sans-serif; font-size: 30px; text-align: left;\">The end of one chapter and the beginning of a new one<\/strong><\/p>\n<p>Due to external factors, such as changes in customer purchasing power caused by global challenges, we had to make the decision to discontinue Loma.eco at the end of 2023. This was a difficult decision, but we look back with gratitude on the cooperation with more than 150 producers and the support of over 10,000 end customers.<\/p>\n<h2><strong>The future with schoenegge.io<\/strong><\/h2>\n<p>Our journey does not end here. The experience and knowledge we have gained over the past four years is now being incorporated into schoenegge.io. We are proud to continue to support some of our growers and offer our expertise in the development and support of online marketplaces and digital marketing.<\/p>\n<p>For companies looking to expand their online presence, schoenegge.io offers customized solutions. Our experience with Loma.eco has given us unique insights into working with regional producers and creating sustainable online ecosystems.<\/p>\n<p>[\/et_pb_text][\/et_pb_column][\/et_pb_row][\/et_pb_section][et_pb_section fb_built=\"1\u2033 _builder_version=\"4.19.4\u2033 _module_preset=\"default\" background_color=\"#1b1b1b\" min_height=\"400px\" top_divider_style=\"slant2\u2033 top_divider_color=\"#FFFFFFFF\" bottom_divider_style=\"curve2\u2033 bottom_divider_color=\"#FFFFFFFF\" global_colors_info=\"{}\"][et_pb_row _builder_version=\"4.19.4\u2033 _module_preset=\"default\" global_colors_info=\"{}\"][et_pb_column type=\"4_4\u2033 _builder_version=\"4.19.4\u2033 _module_preset=\"default\" global_colors_info=\"{}\"][et_pb_text content_tablet=\"<\/p>\n<p style=\"%22text-align:\" center;%22>In today's world, a thorough (online) marketing strategy is at least equally as important as the development of the product itself. Even the best product or service will remain futile if it does not have a strong digital outreach, for it will not be acknowledged and appreciated by the right people. The easiest and most convenient way to attain such a digital reach and to draw people's attention to your product or service is through online marketing.<\/p>\n<p>\" content_phone=\"<\/p>\n<p style=\"%22text-align:\" center;%22>In today's world, a thorough (online) marketing strategy is at least equally as important as the development of the product itself. Even the best product or service will remain futile if it does not have a strong digital outreach, for it will not be acknowledged and appreciated by the right people. The easiest and most convenient way to attain such a digital reach and to draw people's attention to your product or service is through online marketing.<\/p>\n<p>\" content_last_edited=\"off|desktop\" _builder_version=\"4.24.0\u2033 text_font=\"||||||||\" text_text_color=\"#ffffff\" text_font_size=\"16px\" text_line_height=\"1.8em\" header_font_size=\"25px\" header_2_font=\"Lato|700|||||||\" header_2_text_align=\"left\" header_2_text_color=\"#54BD8A\" header_2_font_size=\"30px\" header_2_line_height=\"1.8em\" header_3_text_color=\"#FFFFFFFF\" text_orientation=\"justified\" min_height=\"148.3px\" custom_margin=\"0px||96px||false|false\" custom_padding=\"30px||||false|false\" header_2_text_align_tablet=\"\" header_2_text_align_phone=\"left\" header_2_text_align_last_edited=\"on|phone\" header_2_font_size_tablet=\"30px\" header_2_font_size_phone=\"25px\" header_2_font_size_last_edited=\"on|phone\" global_colors_info=\"{}\"]<\/p>\n<p>&nbsp;<\/p>\n<h2><span><strong>Get in touch with us<\/strong><\/span><\/h2>\n<p>Would you like to find out more about how schoenegge.io can help your company strengthen its digital presence and develop sustainable business models? Contact us for a personal consultation. Together we can take the next steps towards your success.<\/p>\n<p>[\/et_pb_text][et_pb_button button_url=\"\/contact\/\" button_text=\"Contact us now\" button_alignment=\"center\" _builder_version=\"4.24.0\u2033 _module_preset=\"default\" custom_button=\"on\" button_text_size=\"21px\" button_text_color=\"#FFFFFF\" button_bg_color=\"#54BD8A\" button_border_width=\"0px\" button_border_radius=\"10px\" button_font=\"|700|||||||\" hover_enabled=\"0\u2033 global_colors_info=\"{}\" theme_builder_area=\"post_content\" sticky_enabled=\"0\u2033][\/et_pb_button][\/et_pb_column][\/et_pb_row][\/et_pb_section]<\/p>","protected":false},"excerpt":{"rendered":"<p>Online marketplace for regional products developed by schoenegge.ioLoma.eco was more than just a marketplace; it was a vision launched by Max Bieber and Oliver Sch\u00f6negge in January 2019 with the aim of creating a direct connection between regional producers and end customers. Through our platform, customers were able to purchase a variety of products directly from over [...]<\/p>","protected":false},"author":1,"featured_media":0,"parent":0,"menu_order":0,"comment_status":"closed","ping_status":"closed","template":"","meta":{"_et_pb_use_builder":"on","_et_pb_old_content":"","_et_gb_content_width":"","footnotes":""},"yoast_head":"<!-- This site is optimized with the Yoast SEO plugin v23.0 - https:\/\/yoast.com\/wordpress\/plugins\/seo\/ -->\n<title>schoenegge.io<\/title>\n<meta name=\"description\" content=\"Nutzen Sie unsere Expertise aus Loma.eco f\u00fcr Ihren Erfolg in der Entwicklung nachhaltiger Marktpl\u00e4tze mit schoenegge.io.\" \/>\n<meta name=\"robots\" content=\"index, follow, max-snippet:-1, max-image-preview:large, max-video-preview:-1\" \/>\n<link rel=\"canonical\" href=\"https:\/\/schoenegge.io\/en\/loma-eco\/\" \/>\n<meta property=\"og:locale\" content=\"en_US\" \/>\n<meta property=\"og:type\" content=\"article\" \/>\n<meta property=\"og:title\" content=\"Loma.eco zu schoenegge.io: Experten f\u00fcr Online-Marktpl\u00e4tze\" \/>\n<meta property=\"og:description\" content=\"Nutzen Sie unsere Expertise aus Loma.eco f\u00fcr Ihren Erfolg in der Entwicklung nachhaltiger Marktpl\u00e4tze mit schoenegge.io.\" \/>\n<meta property=\"og:url\" content=\"https:\/\/schoenegge.io\/en\/loma-eco\/\" \/>\n<meta property=\"og:site_name\" content=\"schoenegge.io\" \/>\n<meta property=\"article:modified_time\" content=\"2024-02-27T09:45:18+00:00\" \/>\n<meta name=\"twitter:card\" content=\"summary_large_image\" \/>\n<meta name=\"twitter:label1\" content=\"Est. reading time\" \/>\n\t<meta name=\"twitter:data1\" content=\"2 minutes\" \/>\n<script type=\"application\/ld+json\" class=\"yoast-schema-graph\">{\"@context\":\"https:\/\/schema.org\",\"@graph\":[{\"@type\":\"WebPage\",\"@id\":\"https:\/\/schoenegge.io\/loma-eco\/\",\"url\":\"https:\/\/schoenegge.io\/loma-eco\/\",\"name\":\"Loma.eco zu schoenegge.io: Experten f\u00fcr Online-Marktpl\u00e4tze\",\"isPartOf\":{\"@id\":\"https:\/\/schoenegge.io\/#website\"},\"datePublished\":\"2024-02-16T14:25:19+00:00\",\"dateModified\":\"2024-02-27T09:45:18+00:00\",\"description\":\"Nutzen Sie unsere Expertise aus Loma.eco f\u00fcr Ihren Erfolg in der Entwicklung nachhaltiger Marktpl\u00e4tze mit schoenegge.io.\",\"breadcrumb\":{\"@id\":\"https:\/\/schoenegge.io\/loma-eco\/#breadcrumb\"},\"inLanguage\":\"en-US\",\"potentialAction\":[{\"@type\":\"ReadAction\",\"target\":[\"https:\/\/schoenegge.io\/loma-eco\/\"]}]},{\"@type\":\"BreadcrumbList\",\"@id\":\"https:\/\/schoenegge.io\/loma-eco\/#breadcrumb\",\"itemListElement\":[{\"@type\":\"ListItem\",\"position\":1,\"name\":\"Home\",\"item\":\"https:\/\/schoenegge.io\/\"},{\"@type\":\"ListItem\",\"position\":2,\"name\":\"Loma.eco\"}]},{\"@type\":\"WebSite\",\"@id\":\"https:\/\/schoenegge.io\/#website\",\"url\":\"https:\/\/schoenegge.io\/\",\"name\":\"schoenegge.io\",\"description\":\"digitale Agentur Web-Entwicklung &amp; Marketing\",\"publisher\":{\"@id\":\"https:\/\/schoenegge.io\/#organization\"},\"potentialAction\":[{\"@type\":\"SearchAction\",\"target\":{\"@type\":\"EntryPoint\",\"urlTemplate\":\"https:\/\/schoenegge.io\/?s={search_term_string}\"},\"query-input\":\"required name=search_term_string\"}],\"inLanguage\":\"en-US\"},{\"@type\":\"Organization\",\"@id\":\"https:\/\/schoenegge.io\/#organization\",\"name\":\"schoenegge.io\",\"url\":\"https:\/\/schoenegge.io\/\",\"logo\":{\"@type\":\"ImageObject\",\"inLanguage\":\"en-US\",\"@id\":\"https:\/\/schoenegge.io\/#\/schema\/logo\/image\/\",\"url\":\"https:\/\/schoenegge.io\/wp-content\/uploads\/2022\/07\/schoenegge.io_logoredesign_grossformatig.png\",\"contentUrl\":\"https:\/\/schoenegge.io\/wp-content\/uploads\/2022\/07\/schoenegge.io_logoredesign_grossformatig.png\",\"width\":2143,\"height\":325,\"caption\":\"schoenegge.io\"},\"image\":{\"@id\":\"https:\/\/schoenegge.io\/#\/schema\/logo\/image\/\"}}]}<\/script>\n<!-- \/ Yoast SEO plugin. -->","yoast_head_json":{"title":"schoenegge.io","description":"Nutzen Sie unsere Expertise aus Loma.eco f\u00fcr Ihren Erfolg in der Entwicklung nachhaltiger Marktpl\u00e4tze mit schoenegge.io.","robots":{"index":"index","follow":"follow","max-snippet":"max-snippet:-1","max-image-preview":"max-image-preview:large","max-video-preview":"max-video-preview:-1"},"canonical":"https:\/\/schoenegge.io\/en\/loma-eco\/","og_locale":"en_US","og_type":"article","og_title":"Loma.eco zu schoenegge.io: Experten f\u00fcr Online-Marktpl\u00e4tze","og_description":"Nutzen Sie unsere Expertise aus Loma.eco f\u00fcr Ihren Erfolg in der Entwicklung nachhaltiger Marktpl\u00e4tze mit schoenegge.io.","og_url":"https:\/\/schoenegge.io\/en\/loma-eco\/","og_site_name":"schoenegge.io","article_modified_time":"2024-02-27T09:45:18+00:00","twitter_card":"summary_large_image","twitter_misc":{"Est. reading time":"2 minutes"},"schema":{"@context":"https:\/\/schema.org","@graph":[{"@type":"WebPage","@id":"https:\/\/schoenegge.io\/loma-eco\/","url":"https:\/\/schoenegge.io\/loma-eco\/","name":"Loma.eco zu schoenegge.io: Experten f\u00fcr Online-Marktpl\u00e4tze","isPartOf":{"@id":"https:\/\/schoenegge.io\/#website"},"datePublished":"2024-02-16T14:25:19+00:00","dateModified":"2024-02-27T09:45:18+00:00","description":"Nutzen Sie unsere Expertise aus Loma.eco f\u00fcr Ihren Erfolg in der Entwicklung nachhaltiger Marktpl\u00e4tze mit schoenegge.io.","breadcrumb":{"@id":"https:\/\/schoenegge.io\/loma-eco\/#breadcrumb"},"inLanguage":"en-US","potentialAction":[{"@type":"ReadAction","target":["https:\/\/schoenegge.io\/loma-eco\/"]}]},{"@type":"BreadcrumbList","@id":"https:\/\/schoenegge.io\/loma-eco\/#breadcrumb","itemListElement":[{"@type":"ListItem","position":1,"name":"Home","item":"https:\/\/schoenegge.io\/"},{"@type":"ListItem","position":2,"name":"Loma.eco"}]},{"@type":"WebSite","@id":"https:\/\/schoenegge.io\/#website","url":"https:\/\/schoenegge.io\/","name":"schoenegge.io","description":"digitale Agentur Web-Entwicklung &amp; Marketing","publisher":{"@id":"https:\/\/schoenegge.io\/#organization"},"potentialAction":[{"@type":"SearchAction","target":{"@type":"EntryPoint","urlTemplate":"https:\/\/schoenegge.io\/?s={search_term_string}"},"query-input":"required name=search_term_string"}],"inLanguage":"en-US"},{"@type":"Organization","@id":"https:\/\/schoenegge.io\/#organization","name":"schoenegge.io","url":"https:\/\/schoenegge.io\/","logo":{"@type":"ImageObject","inLanguage":"en-US","@id":"https:\/\/schoenegge.io\/#\/schema\/logo\/image\/","url":"https:\/\/schoenegge.io\/wp-content\/uploads\/2022\/07\/schoenegge.io_logoredesign_grossformatig.png","contentUrl":"https:\/\/schoenegge.io\/wp-content\/uploads\/2022\/07\/schoenegge.io_logoredesign_grossformatig.png","width":2143,"height":325,"caption":"schoenegge.io"},"image":{"@id":"https:\/\/schoenegge.io\/#\/schema\/logo\/image\/"}}]}},"_links":{"self":[{"href":"https:\/\/schoenegge.io\/en\/wp-json\/wp\/v2\/pages\/25595"}],"collection":[{"href":"https:\/\/schoenegge.io\/en\/wp-json\/wp\/v2\/pages"}],"about":[{"href":"https:\/\/schoenegge.io\/en\/wp-json\/wp\/v2\/types\/page"}],"author":[{"embeddable":true,"href":"https:\/\/schoenegge.io\/en\/wp-json\/wp\/v2\/users\/1"}],"replies":[{"embeddable":true,"href":"https:\/\/schoenegge.io\/en\/wp-json\/wp\/v2\/comments?post=25595"}],"version-history":[{"count":5,"href":"https:\/\/schoenegge.io\/en\/wp-json\/wp\/v2\/pages\/25595\/revisions"}],"predecessor-version":[{"id":25630,"href":"https:\/\/schoenegge.io\/en\/wp-json\/wp\/v2\/pages\/25595\/revisions\/25630"}],"wp:attachment":[{"href":"https:\/\/schoenegge.io\/en\/wp-json\/wp\/v2\/media?parent=25595"}],"curies":[{"name":"wp","href":"https:\/\/api.w.org\/{rel}","templated":true}]}}